{"id":975,"date":"2017-01-31T11:34:44","date_gmt":"2017-01-31T11:34:44","guid":{"rendered":"http:\/\/somosrestaurantlounge.com\/menu-accordion\/"},"modified":"2022-10-21T19:09:23","modified_gmt":"2022-10-21T19:09:23","slug":"menu-old","status":"publish","type":"page","link":"https:\/\/somosrestaurantlounge.com\/en\/menu-old\/","title":{"rendered":"MENU_OLD"},"content":{"rendered":"<div id=\"pl-975\" class=\"panel-layout\">\n<div id=\"pg-975-0\" class=\"panel-grid panel-no-style\">\n<div id=\"pgc-975-0-0\" class=\"panel-grid-cell\" data-weight=\"1\">\n<div id=\"panel-975-0-0-0\" class=\"so-panel widget widget_sow-editor panel-first-child panel-last-child\" data-index=\"0\" data-style=\"{&quot;padding&quot;:&quot;0px 0px 60px 0px&quot;,&quot;mobile_padding&quot;:&quot;0px 0px 60px 0px&quot;,&quot;background_image_attachment&quot;:false,&quot;background_display&quot;:&quot;tile&quot;}\">\n<div class=\"panel-widget-style panel-widget-style-for-975-0-0-0\">\n<div class=\"so-widget-sow-editor so-widget-sow-editor-base\">\n<div class=\"siteorigin-widget-tinymce textwidget\">\n<h3>SOMOS by sharing.<\/h3>\n<h6>SOMOS by sharing. Sharing flavours, conversations, laughter and success around the table: our table!<\/h6>\n<p>&nbsp;<\/p>\n<p>We use in our menu a selection of national products of proven quality.<br \/>\nFrom the fish and the shellfish of our coast to the traditional smoked sausages, and even the superior race meats, especially the \u201cTaurino\u201d and \u201cMaron\u00eas\u201d.<br \/>\nThe vegetables and fruits are produced in our \u201cUrban Vegetable Garden\u201d, respecting each season of the year.<br \/>\nThe method of confection is made through our coal-fired oven HBE, which in addition to the remarkable taste and texture, also ensures that all nutrients remain unchanged.<\/p>\n<h2>SOMOS Restaurant Menu<\/h2>\n<ul id=\"menu-23\" class=\"our-menu menu-shortcode\"><li class=\"lunch-menu\"><h4 class=\"menu-title-section\"><a href=\"#lunch-menu\">Lunch Menu<\/a><\/h4><div id=\"lunch-menu\" class=\"menu-section\"><div class=\"menu-holder menu-2col menu-accordion\"><div class=\"menu-post clearfix\"><div class=\"menu-post-desc\"><h4><span class=\"menu-title\">Includes<\/span> <span class=\"menu-dots\"><\/span><span class=\"menu-price\"><\/span><\/h4><div class=\"menu-text\"> BREAD<br>SIDE DISHES<br>A GLASS OF DRINK <br>Wine of the day 0.20cl or Draft Beer 0.25cl or Soft drink or Mineral water 0.25cl <br>COFFEE <\/div><\/div><\/div><div class=\"menu-post clearfix\"><div class=\"menu-post-desc\"><h4><span class=\"menu-title\">Supplements<\/span> <span class=\"menu-dots\"><\/span><span class=\"menu-price\"><\/span><\/h4><div class=\"menu-text\"> Soup | 2.50\u20ac <br>Desser of the day | 2.50\u20ac <br>Extra drink | 2.50\u20ac <\/div><\/div><\/div><div class=\"menu-post clearfix\"><div class=\"menu-post-desc\"><h4><span class=\"menu-title\">Opening hours<\/span> <span class=\"menu-dots\"><\/span><span class=\"menu-price\"><\/span><\/h4><div class=\"menu-text\"> Lunch | 12:30 p.m. at 3:00 p.m. Dinner | 7:30 p.m. at 10:30 p.m.<br>Decree-Law No 10\/2015, from January 16th Article 135o - 3rd Paragraph<br>No dish, food or drink, including the appetizer\/couvert can be charged if it's not requested by the client or unusable by him. European Union Regulation Number 1169\/2011 regarding the provision of food information to consumers and the presence of allergens in the food. The List of Allergens is available for consultation in the Restaurant. Valid from February 2020. VAT included at the current rate. Complaint Book available. <\/div><\/div><\/div><div class=\"menu-post clearfix\"><div class=\"menu-post-desc\"><h4><span class=\"menu-title\">From Monday to Friday, except holidays<\/span> <span class=\"menu-dots\"><\/span><span class=\"menu-price\"><\/span><\/h4><div class=\"menu-text\"> From 12:30pm to 03:00pm. <\/div><\/div><\/div><\/div><\/div><\/li><li class=\"starters\"><h4 class=\"menu-title-section\"><a href=\"#starters\">Starters<\/a><\/h4><div id=\"starters\" class=\"menu-section\"><div class=\"menu-holder menu-2col menu-accordion\"><div class=\"menu-post clearfix\"><div class=\"menu-post-desc\"><h4><span class=\"menu-title\">Vegetables soup<\/span> <span class=\"menu-dots\"><\/span><span class=\"menu-price\">7.00\u20ac<\/span><\/h4><div class=\"menu-text\">  <\/div><\/div><\/div><div class=\"menu-post clearfix\"><div class=\"menu-post-desc\"><h4><span class=\"menu-title\">Caprese salad<\/span> <span class=\"menu-dots\"><\/span><span class=\"menu-price\">13.50\u20ac<\/span><\/h4><div class=\"menu-text\">  <\/div><\/div><\/div><div class=\"menu-post clearfix\"><div class=\"menu-post-desc\"><h4><span class=\"menu-title\">Cream of tomato soup with poached egg<\/span> <span class=\"menu-dots\"><\/span><span class=\"menu-price\">6.50\u20ac<\/span><\/h4><div class=\"menu-text\">  <\/div><\/div><\/div><div class=\"menu-post clearfix\"><div class=\"menu-post-desc\"><h4><span class=\"menu-title\">Sea bass ceviche with \u201cPisco\u201d, avocado sauce,<br> mango, lime and chilli<\/span> <span class=\"menu-dots\"><\/span><span class=\"menu-price\">13.50\u20ac<\/span><\/h4><div class=\"menu-text\">  <\/div><\/div><\/div><div class=\"menu-post clearfix\"><div class=\"menu-post-desc\"><h4><span class=\"menu-title\">Chef \u0301s salad with lettuce, tomato, asparagus,<br>avocado, smoked salmon, shrimp and Brie cheese<\/span> <span class=\"menu-dots\"><\/span><span class=\"menu-price\">&frac12 14.00\u20ac | 24.00\u20ac<\/span><\/h4><div class=\"menu-text\">  <\/div><\/div><\/div><\/div><\/div><\/li><li class=\"main-courses\"><h4 class=\"menu-title-section\"><a href=\"#main-courses\">Main Courses<\/a><\/h4><div id=\"main-courses\" class=\"menu-section\"><div class=\"menu-holder menu-2col menu-accordion\"><div class=\"menu-post clearfix\"><div class=\"menu-post-desc\"><h4><span class=\"menu-title\">Shredded cod with chickpea pur\u00e9e and low<br>temperature egg<\/span> <span class=\"menu-dots\"><\/span><span class=\"menu-price\">16.50\u20ac<\/span><\/h4><div class=\"menu-text\">  <\/div><\/div><\/div><div class=\"menu-post clearfix\"><div class=\"menu-post-desc\"><h4><span class=\"menu-title\">Grilled salmon loin with caper sauce, parsnip<br>pur\u00e9e and mushroom selection<\/span> <span class=\"menu-dots\"><\/span><span class=\"menu-price\">16.00\u20ac<\/span><\/h4><div class=\"menu-text\">  <\/div><\/div><\/div><div class=\"menu-post clearfix\"><div class=\"menu-post-desc\"><h4><span class=\"menu-title\">Grilled little chicken with piri-piri, fried potatoes<br>and salad<\/span> <span class=\"menu-dots\"><\/span><span class=\"menu-price\">14.50\u20ac<\/span><\/h4><div class=\"menu-text\">  <\/div><\/div><\/div><div class=\"menu-post clearfix\"><div class=\"menu-post-desc\"><h4><span class=\"menu-title\">Linguini with mushrooms and shallots<\/span> <span class=\"menu-dots\"><\/span><span class=\"menu-price\">15.00\u20ac<\/span><\/h4><div class=\"menu-text\"> (vegetarian option) <\/div><\/div><\/div><div class=\"menu-post clearfix\"><div class=\"menu-post-desc\"><h4><span class=\"menu-title\">Grill veal steak with mushrooms risotto<\/span> <span class=\"menu-dots\"><\/span><span class=\"menu-price\">&frac12 18.00\u20ac | 29.00\u20ac<\/span><\/h4><div class=\"menu-text\">  <\/div><\/div><\/div><\/div><\/div><\/li><li class=\"grilled\"><h4 class=\"menu-title-section\"><a href=\"#grilled\">Grilled<\/a><\/h4><div id=\"grilled\" class=\"menu-section\"><div class=\"menu-holder menu-2col menu-accordion\"><div class=\"menu-post clearfix\"><div class=\"menu-post-desc\"><h4><span class=\"menu-title\">\u201cDOP\u201d veal steak with traditional sauce<\/span> <span class=\"menu-dots\"><\/span><span class=\"menu-price\">&frac12 18.00\u20ac | 29.00\u20ac<\/span><\/h4><div class=\"menu-text\">  <\/div><\/div><\/div><div class=\"menu-post clearfix\"><div class=\"menu-post-desc\"><h4><span class=\"menu-title\">Grouper<\/span> <span class=\"menu-dots\"><\/span><span class=\"menu-price\">&frac12 21.00\u20ac | 34.00\u20ac<\/span><\/h4><div class=\"menu-text\">  <\/div><\/div><\/div><div class=\"menu-post clearfix\"><div class=\"menu-post-desc\"><h4><span class=\"menu-title\">\u201cNaco\u201d of \u201cAngus\u201d beef with Chimichurri sauce<\/span> <span class=\"menu-dots\"><\/span><span class=\"menu-price\">&frac12 23.00\u20ac | 39.00\u20ac<\/span><\/h4><div class=\"menu-text\">  <\/div><\/div><\/div><div class=\"menu-post clearfix\"><div class=\"menu-post-desc\"><h4><span class=\"menu-title\">Salmon<\/span> <span class=\"menu-dots\"><\/span><span class=\"menu-price\">&frac12 15.00\u20ac | 25.00\u20ac<\/span><\/h4><div class=\"menu-text\">  <\/div><\/div><\/div><div class=\"menu-post clearfix\"><div class=\"menu-post-desc\"><h4><span class=\"menu-title\">Loin steak with B\u00e9arnaise sauce (250gr)<\/span> <span class=\"menu-dots\"><\/span><span class=\"menu-price\">21.00\u20ac<\/span><\/h4><div class=\"menu-text\">  <\/div><\/div><\/div><div class=\"menu-post clearfix\"><div class=\"menu-post-desc\"><h4><span class=\"menu-title\">Roasted octopus with tomato, onion <br>and parsley<\/span> <span class=\"menu-dots\"><\/span><span class=\"menu-price\">&frac12 19.00\u20ac | 34.00\u20ac<\/span><\/h4><div class=\"menu-text\">  <\/div><\/div><\/div><div class=\"menu-post clearfix\"><div class=\"menu-post-desc\"><h4><span class=\"menu-title\">Grilled lamb cutlets with rosemary sauce<\/span> <span class=\"menu-dots\"><\/span><span class=\"menu-price\">&frac12 27.00\u20ac | 43.00\u20ac<\/span><\/h4><div class=\"menu-text\">  <\/div><\/div><\/div><div class=\"menu-post clearfix\"><div class=\"menu-post-desc\"><h4><span class=\"menu-title\">Roasted cod \u201cLagareiro\u201d style with punched potatoes<br> and saut\u00e9ed turnip greens<\/span> <span class=\"menu-dots\"><\/span><span class=\"menu-price\">23.00\u20ac<\/span><\/h4><div class=\"menu-text\">  <\/div><\/div><\/div><div class=\"menu-post clearfix\"><div class=\"menu-post-desc\"><h4><span class=\"menu-title\">Little chicken with piri piri, honey and<br>ginger sauce<\/span> <span class=\"menu-dots\"><\/span><span class=\"menu-price\">&frac12 13.50\u20ac | 19.50\u20ac<\/span><\/h4><div class=\"menu-text\">  <\/div><\/div><\/div><div class=\"menu-post clearfix\"><div class=\"menu-post-desc\"><h4><span class=\"menu-title\">Wild shrimp with sea salt<\/span> <span class=\"menu-dots\"><\/span><span class=\"menu-price\">20.00\u20ac<\/span><\/h4><div class=\"menu-text\">  <\/div><\/div><\/div><div class=\"menu-post clearfix\"><div class=\"menu-post-desc\"><h4><span class=\"menu-title\">Sea bass<\/span> <span class=\"menu-dots\"><\/span><span class=\"menu-price\">&frac12 19.50\u20ac | 32.00\u20ac<\/span><\/h4><div class=\"menu-text\">  <\/div><\/div><\/div><\/div><\/div><\/li><li class=\"desserts\"><h4 class=\"menu-title-section\"><a href=\"#desserts\">Desserts<\/a><\/h4><div id=\"desserts\" class=\"menu-section\"><div class=\"menu-holder menu-2col menu-accordion\"><div class=\"menu-post clearfix\"><div class=\"menu-post-desc\"><h4><span class=\"menu-title\">Homemade chocolate mousse<\/span> <span class=\"menu-dots\"><\/span><span class=\"menu-price\">4.50\u20ac<\/span><\/h4><div class=\"menu-text\">  <\/div><\/div><\/div><div class=\"menu-post clearfix\"><div class=\"menu-post-desc\"><h4><span class=\"menu-title\">Traditional cr\u00e8me br\u00fbl\u00e9e<\/span> <span class=\"menu-dots\"><\/span><span class=\"menu-price\">3.50\u20ac<\/span><\/h4><div class=\"menu-text\">  <\/div><\/div><\/div><div class=\"menu-post clearfix\"><div class=\"menu-post-desc\"><h4><span class=\"menu-title\">Fresh fruit selection<\/span> <span class=\"menu-dots\"><\/span><span class=\"menu-price\">7.00\u20ac<\/span><\/h4><div class=\"menu-text\">  <\/div><\/div><\/div><\/div><\/div><\/li><li class=\"childrens-menu\"><h4 class=\"menu-title-section\"><a href=\"#childrens-menu\">Children\u2019s Menu<\/a><\/h4><div id=\"childrens-menu\" class=\"menu-section\"><div class=\"menu-holder menu-2col menu-accordion\"><div class=\"menu-post clearfix\"><div class=\"menu-post-desc\"><h4><span class=\"menu-title\">Starter<\/span> <span class=\"menu-dots\"><\/span><span class=\"menu-price\"><\/span><\/h4><div class=\"menu-text\"> Cream of vegetable soup or Scrambled eggs <\/div><\/div><\/div><div class=\"menu-post clearfix\"><div class=\"menu-post-desc\"><h4><span class=\"menu-title\">Dessert<\/span> <span class=\"menu-dots\"><\/span><span class=\"menu-price\"><\/span><\/h4><div class=\"menu-text\"> Fruit salad or Dessert of the day <\/div><\/div><\/div><div class=\"menu-post clearfix\"><div class=\"menu-post-desc\"><h4><span class=\"menu-title\">Main course<\/span> <span class=\"menu-dots\"><\/span><span class=\"menu-price\"><\/span><\/h4><div class=\"menu-text\"> Fish and chips or Hamburger or Cheeseburger <\/div><\/div><\/div><div class=\"menu-post clearfix\"><div class=\"menu-post-desc\"><h4><span class=\"menu-title\">Total Price<\/span> <span class=\"menu-dots\"><\/span><span class=\"menu-price\">18.50\u20ac<\/span><\/h4><div class=\"menu-text\"> *Valid for children under 10 years old <\/div><\/div><\/div><\/div><\/div><\/li><\/ul>\n<p>&nbsp;<\/p>\n<h6>SOMOS for the tempting proposals, authentic and irresistible! Because it\u2019s not enough to exist, you have to be.<\/h6>\n<h3>And WE ARE*!<\/h3>\n<p>*WE ARE means SOMOS in Portuguese.<\/p>\n<\/div>\n<\/div>\n<\/div>\n<\/div>\n<\/div>\n<\/div>\n<\/div>\n","protected":false},"excerpt":{"rendered":"<p>SOMOS by sharing. SOMOS by sharing. Sharing flavours, conversations, laughter and success around the table: our table! &nbsp; We use in our menu a selection of national products of proven quality. From the fish and the shellfish of our coast to the traditional smoked sausages, and even the superior race meats, especially the \u201cTaurino\u201d and \u201cMaron\u00eas\u201d. The vegetables and fruits&#8230;<\/p>\n","protected":false},"author":1,"featured_media":1696,"parent":0,"menu_order":0,"comment_status":"closed","ping_status":"closed","template":"my-templates\/template-fullwidth.php","meta":{"_acf_changed":false,"footnotes":""},"class_list":["post-975","page","type-page","status-publish","has-post-thumbnail","hentry"],"acf":[],"yoast_head":"<!-- This site is optimized with the Yoast SEO plugin v26.9 - https:\/\/yoast.com\/product\/yoast-seo-wordpress\/ -->\n<title>SOMOS Restaurant &amp; Lounge - Discover Our Menu<\/title>\n<meta name=\"description\" content=\"Discover what our Mediterranan Cuisine has in store for you, where you can choose from many different offers of colds, hots, off the grill and other plates.\" \/>\n<meta name=\"robots\" content=\"index, follow, max-snippet:-1, max-image-preview:large, max-video-preview:-1\" \/>\n<link rel=\"canonical\" href=\"https:\/\/somosrestaurantlounge.com\/menu-old\/?lang=en\" \/>\n<meta property=\"og:locale\" content=\"en_US\" \/>\n<meta property=\"og:type\" content=\"article\" \/>\n<meta property=\"og:title\" content=\"SOMOS Restaurant &amp; Lounge - Discover Our Menu\" \/>\n<meta property=\"og:description\" content=\"Discover what our Mediterranan Cuisine has in store for you, where you can choose from many different offers of colds, hots, off the grill and other plates.\" \/>\n<meta property=\"og:url\" content=\"https:\/\/somosrestaurantlounge.com\/menu-old\/?lang=en\" \/>\n<meta property=\"og:site_name\" content=\"SOMOS - Restaurant &amp; Lounge\" \/>\n<meta property=\"article:modified_time\" content=\"2022-10-21T19:09:23+00:00\" \/>\n<meta property=\"og:image\" content=\"https:\/\/somosrestaurantlounge.com\/wp-content\/uploads\/2018\/11\/28617998487_24fb956364_o-1024x631.jpg\" \/>\n\t<meta property=\"og:image:width\" content=\"1024\" \/>\n\t<meta property=\"og:image:height\" content=\"631\" \/>\n\t<meta property=\"og:image:type\" content=\"image\/jpeg\" \/>\n<meta name=\"twitter:card\" content=\"summary_large_image\" \/>\n<meta name=\"twitter:label1\" content=\"Est. reading time\" \/>\n\t<meta name=\"twitter:data1\" content=\"1 minute\" \/>\n<script type=\"application\/ld+json\" class=\"yoast-schema-graph\">{\"@context\":\"https:\/\/schema.org\",\"@graph\":[{\"@type\":\"WebPage\",\"@id\":\"https:\/\/somosrestaurantlounge.com\/menu-old\/?lang=en\",\"url\":\"https:\/\/somosrestaurantlounge.com\/menu-old\/?lang=en\",\"name\":\"SOMOS Restaurant & Lounge - Discover Our Menu\",\"isPartOf\":{\"@id\":\"https:\/\/somosrestaurantlounge.com\/#website\"},\"primaryImageOfPage\":{\"@id\":\"https:\/\/somosrestaurantlounge.com\/menu-old\/?lang=en#primaryimage\"},\"image\":{\"@id\":\"https:\/\/somosrestaurantlounge.com\/menu-old\/?lang=en#primaryimage\"},\"thumbnailUrl\":\"https:\/\/somosrestaurantlounge.com\/wp-content\/uploads\/2018\/11\/28617998487_24fb956364_o.jpg\",\"datePublished\":\"2017-01-31T11:34:44+00:00\",\"dateModified\":\"2022-10-21T19:09:23+00:00\",\"description\":\"Discover what our Mediterranan Cuisine has in store for you, where you can choose from many different offers of colds, hots, off the grill and other plates.\",\"breadcrumb\":{\"@id\":\"https:\/\/somosrestaurantlounge.com\/menu-old\/?lang=en#breadcrumb\"},\"inLanguage\":\"en-US\",\"potentialAction\":[{\"@type\":\"ReadAction\",\"target\":[\"https:\/\/somosrestaurantlounge.com\/menu-old\/?lang=en\"]}]},{\"@type\":\"ImageObject\",\"inLanguage\":\"en-US\",\"@id\":\"https:\/\/somosrestaurantlounge.com\/menu-old\/?lang=en#primaryimage\",\"url\":\"https:\/\/somosrestaurantlounge.com\/wp-content\/uploads\/2018\/11\/28617998487_24fb956364_o.jpg\",\"contentUrl\":\"https:\/\/somosrestaurantlounge.com\/wp-content\/uploads\/2018\/11\/28617998487_24fb956364_o.jpg\",\"width\":7202,\"height\":4437,\"caption\":\"As nossas guarni\u00e7\u00f5es no SOMOS Restaurant.\"},{\"@type\":\"BreadcrumbList\",\"@id\":\"https:\/\/somosrestaurantlounge.com\/menu-old\/?lang=en#breadcrumb\",\"itemListElement\":[{\"@type\":\"ListItem\",\"position\":1,\"name\":\"Home\",\"item\":\"https:\/\/somosrestaurantlounge.com\/?lang=en\"},{\"@type\":\"ListItem\",\"position\":2,\"name\":\"MENU_OLD\"}]},{\"@type\":\"WebSite\",\"@id\":\"https:\/\/somosrestaurantlounge.com\/#website\",\"url\":\"https:\/\/somosrestaurantlounge.com\/\",\"name\":\"soMos Restaurant & Lounge\",\"description\":\"Restaurant &amp; Lounge\",\"publisher\":{\"@id\":\"https:\/\/somosrestaurantlounge.com\/#organization\"},\"potentialAction\":[{\"@type\":\"SearchAction\",\"target\":{\"@type\":\"EntryPoint\",\"urlTemplate\":\"https:\/\/somosrestaurantlounge.com\/?s={search_term_string}\"},\"query-input\":{\"@type\":\"PropertyValueSpecification\",\"valueRequired\":true,\"valueName\":\"search_term_string\"}}],\"inLanguage\":\"en-US\"},{\"@type\":\"Organization\",\"@id\":\"https:\/\/somosrestaurantlounge.com\/#organization\",\"name\":\"soMos Restaurant & Lounge\",\"url\":\"https:\/\/somosrestaurantlounge.com\/\",\"logo\":{\"@type\":\"ImageObject\",\"inLanguage\":\"en-US\",\"@id\":\"https:\/\/somosrestaurantlounge.com\/#\/schema\/logo\/image\/\",\"url\":\"https:\/\/somosrestaurantlounge.com\/wp-content\/uploads\/2018\/08\/somos-restaurante-lounge-logo.png\",\"contentUrl\":\"https:\/\/somosrestaurantlounge.com\/wp-content\/uploads\/2018\/08\/somos-restaurante-lounge-logo.png\",\"width\":400,\"height\":175,\"caption\":\"soMos Restaurant & Lounge\"},\"image\":{\"@id\":\"https:\/\/somosrestaurantlounge.com\/#\/schema\/logo\/image\/\"}}]}<\/script>\n<!-- \/ Yoast SEO plugin. -->","yoast_head_json":{"title":"SOMOS Restaurant & Lounge - Discover Our Menu","description":"Discover what our Mediterranan Cuisine has in store for you, where you can choose from many different offers of colds, hots, off the grill and other plates.","robots":{"index":"index","follow":"follow","max-snippet":"max-snippet:-1","max-image-preview":"max-image-preview:large","max-video-preview":"max-video-preview:-1"},"canonical":"https:\/\/somosrestaurantlounge.com\/menu-old\/?lang=en","og_locale":"en_US","og_type":"article","og_title":"SOMOS Restaurant & Lounge - Discover Our Menu","og_description":"Discover what our Mediterranan Cuisine has in store for you, where you can choose from many different offers of colds, hots, off the grill and other plates.","og_url":"https:\/\/somosrestaurantlounge.com\/menu-old\/?lang=en","og_site_name":"SOMOS - Restaurant &amp; Lounge","article_modified_time":"2022-10-21T19:09:23+00:00","og_image":[{"width":1024,"height":631,"url":"https:\/\/somosrestaurantlounge.com\/wp-content\/uploads\/2018\/11\/28617998487_24fb956364_o-1024x631.jpg","type":"image\/jpeg"}],"twitter_card":"summary_large_image","twitter_misc":{"Est. reading time":"1 minute"},"schema":{"@context":"https:\/\/schema.org","@graph":[{"@type":"WebPage","@id":"https:\/\/somosrestaurantlounge.com\/menu-old\/?lang=en","url":"https:\/\/somosrestaurantlounge.com\/menu-old\/?lang=en","name":"SOMOS Restaurant & Lounge - Discover Our Menu","isPartOf":{"@id":"https:\/\/somosrestaurantlounge.com\/#website"},"primaryImageOfPage":{"@id":"https:\/\/somosrestaurantlounge.com\/menu-old\/?lang=en#primaryimage"},"image":{"@id":"https:\/\/somosrestaurantlounge.com\/menu-old\/?lang=en#primaryimage"},"thumbnailUrl":"https:\/\/somosrestaurantlounge.com\/wp-content\/uploads\/2018\/11\/28617998487_24fb956364_o.jpg","datePublished":"2017-01-31T11:34:44+00:00","dateModified":"2022-10-21T19:09:23+00:00","description":"Discover what our Mediterranan Cuisine has in store for you, where you can choose from many different offers of colds, hots, off the grill and other plates.","breadcrumb":{"@id":"https:\/\/somosrestaurantlounge.com\/menu-old\/?lang=en#breadcrumb"},"inLanguage":"en-US","potentialAction":[{"@type":"ReadAction","target":["https:\/\/somosrestaurantlounge.com\/menu-old\/?lang=en"]}]},{"@type":"ImageObject","inLanguage":"en-US","@id":"https:\/\/somosrestaurantlounge.com\/menu-old\/?lang=en#primaryimage","url":"https:\/\/somosrestaurantlounge.com\/wp-content\/uploads\/2018\/11\/28617998487_24fb956364_o.jpg","contentUrl":"https:\/\/somosrestaurantlounge.com\/wp-content\/uploads\/2018\/11\/28617998487_24fb956364_o.jpg","width":7202,"height":4437,"caption":"As nossas guarni\u00e7\u00f5es no SOMOS Restaurant."},{"@type":"BreadcrumbList","@id":"https:\/\/somosrestaurantlounge.com\/menu-old\/?lang=en#breadcrumb","itemListElement":[{"@type":"ListItem","position":1,"name":"Home","item":"https:\/\/somosrestaurantlounge.com\/?lang=en"},{"@type":"ListItem","position":2,"name":"MENU_OLD"}]},{"@type":"WebSite","@id":"https:\/\/somosrestaurantlounge.com\/#website","url":"https:\/\/somosrestaurantlounge.com\/","name":"soMos Restaurant & Lounge","description":"Restaurant &amp; Lounge","publisher":{"@id":"https:\/\/somosrestaurantlounge.com\/#organization"},"potentialAction":[{"@type":"SearchAction","target":{"@type":"EntryPoint","urlTemplate":"https:\/\/somosrestaurantlounge.com\/?s={search_term_string}"},"query-input":{"@type":"PropertyValueSpecification","valueRequired":true,"valueName":"search_term_string"}}],"inLanguage":"en-US"},{"@type":"Organization","@id":"https:\/\/somosrestaurantlounge.com\/#organization","name":"soMos Restaurant & Lounge","url":"https:\/\/somosrestaurantlounge.com\/","logo":{"@type":"ImageObject","inLanguage":"en-US","@id":"https:\/\/somosrestaurantlounge.com\/#\/schema\/logo\/image\/","url":"https:\/\/somosrestaurantlounge.com\/wp-content\/uploads\/2018\/08\/somos-restaurante-lounge-logo.png","contentUrl":"https:\/\/somosrestaurantlounge.com\/wp-content\/uploads\/2018\/08\/somos-restaurante-lounge-logo.png","width":400,"height":175,"caption":"soMos Restaurant & Lounge"},"image":{"@id":"https:\/\/somosrestaurantlounge.com\/#\/schema\/logo\/image\/"}}]}},"_links":{"self":[{"href":"https:\/\/somosrestaurantlounge.com\/en\/wp-json\/wp\/v2\/pages\/975","targetHints":{"allow":["GET"]}}],"collection":[{"href":"https:\/\/somosrestaurantlounge.com\/en\/wp-json\/wp\/v2\/pages"}],"about":[{"href":"https:\/\/somosrestaurantlounge.com\/en\/wp-json\/wp\/v2\/types\/page"}],"author":[{"embeddable":true,"href":"https:\/\/somosrestaurantlounge.com\/en\/wp-json\/wp\/v2\/users\/1"}],"replies":[{"embeddable":true,"href":"https:\/\/somosrestaurantlounge.com\/en\/wp-json\/wp\/v2\/comments?post=975"}],"version-history":[{"count":33,"href":"https:\/\/somosrestaurantlounge.com\/en\/wp-json\/wp\/v2\/pages\/975\/revisions"}],"predecessor-version":[{"id":2470,"href":"https:\/\/somosrestaurantlounge.com\/en\/wp-json\/wp\/v2\/pages\/975\/revisions\/2470"}],"wp:featuredmedia":[{"embeddable":true,"href":"https:\/\/somosrestaurantlounge.com\/en\/wp-json\/wp\/v2\/media\/1696"}],"wp:attachment":[{"href":"https:\/\/somosrestaurantlounge.com\/en\/wp-json\/wp\/v2\/media?parent=975"}],"curies":[{"name":"wp","href":"https:\/\/api.w.org\/{rel}","templated":true}]}}